{"id":2,"date":"2019-01-14T11:02:00","date_gmt":"2019-01-14T13:02:00","guid":{"rendered":"http:\/\/standardbrazil.institucional.ws\/site\/?page_id=2"},"modified":"2023-01-03T16:36:14","modified_gmt":"2023-01-03T19:36:14","slug":"inicial","status":"publish","type":"page","link":"https:\/\/standardbrazil.com.br\/","title":{"rendered":"Home"},"content":{"rendered":"<p>[et_pb_section fb_built=&#8221;1&#8243; admin_label=&#8221;Hero Section&#8221; _builder_version=&#8221;3.22&#8243; background_image=&#8221;\/wp-content\/uploads\/2019\/02\/cameron-venti-1126957-unsplash_web.jpg&#8221; custom_margin=&#8221;|||&#8221; custom_padding=&#8221;11.2%||16.2%||false|false&#8221; animation_style=&#8221;fade&#8221; collapsed=&#8221;on&#8221;][et_pb_row _builder_version=&#8221;3.25&#8243; background_color=&#8221;rgba(12,0,0,0.3)&#8221; collapsed=&#8221;off&#8221;][et_pb_column type=&#8221;4_4&#8243; _builder_version=&#8221;3.25&#8243; custom_padding=&#8221;|||&#8221; custom_padding__hover=&#8221;|||&#8221;][et_pb_text _builder_version=&#8221;3.27.4&#8243; text_font=&#8221;||||||||&#8221; text_font_size=&#8221;24px&#8221; text_line_height=&#8221;1.6em&#8221; header_font=&#8221;Nunito||||||||&#8221; header_font_size=&#8221;80px&#8221; header_line_height=&#8221;1.1em&#8221; header_2_font=&#8221;||||||||&#8221; text_orientation=&#8221;center&#8221; background_layout=&#8221;dark&#8221; module_alignment=&#8221;center&#8221; header_font_size_tablet=&#8221;&#8221; header_font_size_phone=&#8221;48px&#8221; header_font_size_last_edited=&#8221;on|phone&#8221;]<\/p>\n<h1>Standard Brazil<\/h1>\n<p>Marine Survey &amp; Services<\/p>\n<p>[\/et_pb_text][\/et_pb_column][\/et_pb_row][\/et_pb_section][et_pb_section fb_built=&#8221;1&#8243; admin_label=&#8221;Explore Story Section&#8221; _builder_version=&#8221;3.22&#8243; custom_padding=&#8221;46px||61px||false|false&#8221; collapsed=&#8221;on&#8221; min_height=&#8221;258px&#8221;][et_pb_row admin_label=&#8221;Text Area&#8221; _builder_version=&#8221;3.25&#8243; max_width=&#8221;700px&#8221; custom_padding=&#8221;20px|||&#8221; use_custom_width=&#8221;on&#8221; custom_width_px=&#8221;700px&#8221;][et_pb_column type=&#8221;4_4&#8243; _builder_version=&#8221;3.25&#8243; custom_padding=&#8221;|||&#8221; custom_padding__hover=&#8221;|||&#8221;][et_pb_text admin_label=&#8221;Title&#8221; _builder_version=&#8221;3.27.4&#8243; text_font=&#8221;||||||||&#8221; header_font=&#8221;||||||||&#8221; header_2_font=&#8221;Nunito||||||||&#8221; header_2_text_align=&#8221;center&#8221; header_2_text_color=&#8221;#263954&#8243; header_2_font_size=&#8221;36px&#8221; header_2_line_height=&#8221;1.4em&#8221; custom_margin=&#8221;||5px|&#8221; animation_style=&#8221;fold&#8221; animation_direction=&#8221;bottom&#8221; animation_intensity_fold=&#8221;20%&#8221; animation_starting_opacity=&#8221;100%&#8221;]<\/p>\n<h2>Excellence in Marine Surveys, Services and Naval Consultancy<\/h2>\n<p>[\/et_pb_text][\/et_pb_column][\/et_pb_row][\/et_pb_section][et_pb_section fb_built=&#8221;1&#8243; admin_label=&#8221;Explore Story Section&#8221; _builder_version=&#8221;4.9.4&#8243; custom_padding=&#8221;||||false|false&#8221; hover_enabled=&#8221;0&#8243; sticky_enabled=&#8221;0&#8243;][et_pb_row admin_label=&#8221;Text Area&#8221; _builder_version=&#8221;3.25&#8243; max_width=&#8221;700px&#8221; custom_padding=&#8221;20px|||&#8221; use_custom_width=&#8221;on&#8221; custom_width_px=&#8221;700px&#8221;][et_pb_column type=&#8221;4_4&#8243; _builder_version=&#8221;3.25&#8243; custom_padding=&#8221;|||&#8221; custom_padding__hover=&#8221;|||&#8221;][et_pb_text _builder_version=&#8221;3.27.4&#8243; text_font=&#8221;||||||||&#8221; text_font_size=&#8221;15px&#8221; text_line_height=&#8221;1.8em&#8221; animation_style=&#8221;fold&#8221; animation_direction=&#8221;bottom&#8221; animation_intensity_fold=&#8221;20%&#8221; animation_starting_opacity=&#8221;100%&#8221;]<\/p>\n<p>Standard Brazil \u2013 Marine Survey &amp; Services was created in 1991 by Jos\u00e9 Antonio Machado G. Pereira, licensed marine merchant deck officer &amp; marine surveyor with international certificate of competence, lawyer (OAB PR 88958), to offer a personal, reliable and quality assistance in naval consultancy, surveying, inspections and market researches.<\/p>\n<p>[\/et_pb_text][\/et_pb_column][\/et_pb_row][\/et_pb_section][et_pb_section fb_built=&#8221;1&#8243; admin_label=&#8221;Feature Section&#8221; _builder_version=&#8221;3.22&#8243; use_background_color_gradient=&#8221;on&#8221; background_color_gradient_start=&#8221;rgba(0,0,0,0.7)&#8221; background_color_gradient_end=&#8221;rgba(0,0,0,0)&#8221; background_color_gradient_overlays_image=&#8221;on&#8221; background_image=&#8221;https:\/\/standardbrazil.com.br\/wp-content\/uploads\/2019\/02\/megan-menegay-109366-unsplash_web.jpg&#8221; custom_padding=&#8221;0px||0px|&#8221;][et_pb_row use_custom_gutter=&#8221;on&#8221; gutter_width=&#8221;1&#8243; make_equal=&#8221;on&#8221; admin_label=&#8221;Feature 1&#8243; module_class=&#8221; et_pb_row_fullwidth&#8221; _builder_version=&#8221;3.25&#8243; width=&#8221;100%&#8221; width_tablet=&#8221;100%&#8221; width_last_edited=&#8221;on|desktop&#8221; max_width=&#8221;100%&#8221; max_width_tablet=&#8221;100%&#8221; max_width_last_edited=&#8221;on|desktop&#8221; custom_padding=&#8221;110px|5%|200px|5%&#8221; make_fullwidth=&#8221;on&#8221;][et_pb_column type=&#8221;4_4&#8243; _builder_version=&#8221;3.25&#8243; custom_padding=&#8221;|||&#8221; custom_padding__hover=&#8221;|||&#8221;][et_pb_text admin_label=&#8221;Title&#8221; _builder_version=&#8221;3.27.4&#8243; text_font=&#8221;||||||||&#8221; text_font_size=&#8221;15px&#8221; text_line_height=&#8221;1.8em&#8221; header_font=&#8221;||||||||&#8221; header_2_font=&#8221;Nunito||||||||&#8221; header_2_font_size=&#8221;36px&#8221; header_2_line_height=&#8221;1.4em&#8221; background_layout=&#8221;dark&#8221; max_width=&#8221;600px&#8221; module_alignment=&#8221;right&#8221; custom_margin=&#8221;|||&#8221; custom_padding=&#8221;|||&#8221; animation_style=&#8221;fold&#8221; animation_direction=&#8221;bottom&#8221; animation_intensity_fold=&#8221;20%&#8221; animation_starting_opacity=&#8221;100%&#8221;][\/et_pb_text][\/et_pb_column][\/et_pb_row][\/et_pb_section]<\/p>\n","protected":false},"excerpt":{"rendered":"<p>Standard Brazil Marine Survey &amp; Services Excellence in Marine Surveys, Services and Naval Consultancy Standard Brazil \u2013 Marine Survey &amp; Services was created in 1991 by Jos\u00e9 Antonio Machado G. Pereira, licensed marine merchant deck officer &amp; marine surveyor with international certificate of competence, lawyer (OAB PR 88958), to offer a personal, reliable and quality [&hellip;]<\/p>\n","protected":false},"author":1,"featured_media":0,"parent":0,"menu_order":0,"comment_status":"closed","ping_status":"open","template":"","meta":{"_et_pb_use_builder":"on","_et_pb_old_content":"<!-- wp:paragraph -->\n<p>Esta \u00e9 uma p\u00e1gina de exemplo. \u00c9 diferente de um post no blog porque ela permanecer\u00e1 em um lugar e aparecer\u00e1 na navega\u00e7\u00e3o do seu site na maioria dos temas. Muitas pessoas come\u00e7am com uma p\u00e1gina que as apresenta a poss\u00edveis visitantes do site. Ela pode dizer algo assim:<\/p>\n<!-- \/wp:paragraph -->\n\n<!-- wp:quote -->\n<blockquote class=\"wp-block-quote\"><p>Ol\u00e1! Eu sou um mensageiro de bicicleta durante o dia, ator aspirante \u00e0 noite, e este \u00e9 o meu site. Eu moro em S\u00e3o Paulo, tenho um grande cachorro chamado Rex e gosto de tomar caipirinha (e banhos de chuva).<\/p><\/blockquote>\n<!-- \/wp:quote -->\n\n<!-- wp:paragraph -->\n<p>...ou alguma coisa assim:<\/p>\n<!-- \/wp:paragraph -->\n\n<!-- wp:quote -->\n<blockquote class=\"wp-block-quote\"><p>A Companhia de Miniaturas XYZ foi fundada em 1971, e desde ent\u00e3o tem fornecido miniaturas de qualidade ao p\u00fablico. Localizada na cidade de Itu, a XYZ emprega mais de 2.000 pessoas e faz coisas grandiosas para a comunidade da cidade.<\/p><\/blockquote>\n<!-- \/wp:quote -->\n\n<!-- wp:paragraph -->\n<p>Como um novo usu\u00e1rio do WordPress, voc\u00ea deveria ir ao <a href=\"http:\/\/standardbrazil.institucional.ws\/site\/wp-admin\/\">painel<\/a> para excluir essa p\u00e1gina e criar novas p\u00e1ginas para o seu conte\u00fado. Divirta-se!<\/p>\n<!-- \/wp:paragraph -->","_et_gb_content_width":"","footnotes":""},"class_list":["post-2","page","type-page","status-publish","hentry"],"_links":{"self":[{"href":"https:\/\/standardbrazil.com.br\/index.php?rest_route=\/wp\/v2\/pages\/2","targetHints":{"allow":["GET"]}}],"collection":[{"href":"https:\/\/standardbrazil.com.br\/index.php?rest_route=\/wp\/v2\/pages"}],"about":[{"href":"https:\/\/standardbrazil.com.br\/index.php?rest_route=\/wp\/v2\/types\/page"}],"author":[{"embeddable":true,"href":"https:\/\/standardbrazil.com.br\/index.php?rest_route=\/wp\/v2\/users\/1"}],"replies":[{"embeddable":true,"href":"https:\/\/standardbrazil.com.br\/index.php?rest_route=%2Fwp%2Fv2%2Fcomments&post=2"}],"version-history":[{"count":80,"href":"https:\/\/standardbrazil.com.br\/index.php?rest_route=\/wp\/v2\/pages\/2\/revisions"}],"predecessor-version":[{"id":459,"href":"https:\/\/standardbrazil.com.br\/index.php?rest_route=\/wp\/v2\/pages\/2\/revisions\/459"}],"wp:attachment":[{"href":"https:\/\/standardbrazil.com.br\/index.php?rest_route=%2Fwp%2Fv2%2Fmedia&parent=2"}],"curies":[{"name":"wp","href":"https:\/\/api.w.org\/{rel}","templated":true}]}}