{"id":466,"date":"2022-02-22T07:27:12","date_gmt":"2022-02-22T10:27:12","guid":{"rendered":"http:\/\/standardbrazil.com.br\/?page_id=466"},"modified":"2022-02-22T08:26:38","modified_gmt":"2022-02-22T11:26:38","slug":"companhia","status":"publish","type":"page","link":"https:\/\/standardbrazil.com.br\/?page_id=466&lang=pt","title":{"rendered":"Empresa"},"content":{"rendered":"<p>[et_pb_section fb_built=&#8221;1&#8243; admin_label=&#8221;Feature Section&#8221; _builder_version=&#8221;3.21&#8243; use_background_color_gradient=&#8221;on&#8221; background_color_gradient_start=&#8221;rgba(0,0,0,0.7)&#8221; background_color_gradient_end=&#8221;rgba(0,0,0,0)&#8221; background_color_gradient_overlays_image=&#8221;on&#8221; background_image=&#8221;\/wp-content\/uploads\/2019\/02\/matt-artz-397374-unsplash_web.jpg&#8221; custom_padding=&#8221;0px||0px|&#8221; animation_style=&#8221;fade&#8221;][et_pb_row make_fullwidth=&#8221;on&#8221; use_custom_gutter=&#8221;on&#8221; gutter_width=&#8221;1&#8243; custom_padding=&#8221;11.2%||16.2%||false|false&#8221; make_equal=&#8221;on&#8221; bg_img_2=&#8221;http:\/\/standardbrazil.institucional.ws\/site\/wp-content\/uploads\/2019\/01\/feature_03_img.jpg&#8221; padding_top_2=&#8221;110px&#8221; padding_bottom_2=&#8221;500px&#8221; padding_left_2=&#8221;5%&#8221; admin_label=&#8221;Feature 1&#8243; _builder_version=&#8221;3.19.4&#8243;][et_pb_column type=&#8221;4_4&#8243; _builder_version=&#8221;3.0.47&#8243;][et_pb_text _builder_version=&#8221;3.21&#8243; text_font=&#8221;||||||||&#8221; text_text_color=&#8221;#ffffff&#8221; header_font=&#8221;||||||||&#8221; header_text_color=&#8221;#ffffff&#8221; module_alignment=&#8221;right&#8221; custom_padding=&#8221;|5%||&#8221;]<\/p>\n<h1 style=\"text-align: right;\">Desde 1991<\/h1>\n<p style=\"text-align: right;\"><strong>Standard Brazil &#8211; Marine Survey &amp; Services<\/strong><\/p>\n<p>[\/et_pb_text][\/et_pb_column][\/et_pb_row][\/et_pb_section][et_pb_section fb_built=&#8221;1&#8243; admin_label=&#8221;Explore Story Section&#8221; _builder_version=&#8221;3.0.83&#8243; custom_padding=&#8221;11.2%||16.2%||false|false&#8221;][et_pb_row use_custom_width=&#8221;on&#8221; custom_width_px=&#8221;700px&#8221; custom_padding=&#8221;20px|||&#8221; admin_label=&#8221;Text Area&#8221; _builder_version=&#8221;3.0.83&#8243;][et_pb_column type=&#8221;4_4&#8243; _builder_version=&#8221;3.0.47&#8243;][et_pb_text _builder_version=&#8221;3.19.4&#8243; text_font=&#8221;||||||||&#8221; text_font_size=&#8221;15px&#8221; text_line_height=&#8221;1.8em&#8221; animation_style=&#8221;fold&#8221; animation_direction=&#8221;bottom&#8221; animation_intensity_fold=&#8221;20%&#8221; animation_starting_opacity=&#8221;100%&#8221;]<\/p>\n<p>\u200b\u200bA Standard Brazil oferece um amplo escopo de vistorias e inspe\u00e7\u00f5es nas \u00e1reas naval e de cont\u00eaineres. Desde a sua funda\u00e7\u00e3o, a empresa vem atendendo quase todos os clubes de prote\u00e7\u00e3o e Indeniza\u00e7\u00e3o, diversos armadores, afretadores, importadores, operadores, exportadores, traders, terminais e empresas controladoras de carga como prova de experi\u00eancia pr\u00e9via. Atualmente realiza anualmente vistorias e inspe\u00e7\u00f5es em cerca de 22 milh\u00f5es de cargas, aproximadamente 350 navios por ano e busca limitar o seu raio de atua\u00e7\u00e3o nos portos do Paran\u00e1 (Antonina e Paranagu\u00e1) e Santa Catarina (S\u00e3o Francisco do Sul, Itaja\u00ed, Itapo\u00e1 e Imbituba) sempre com equipe pr\u00f3pria de t\u00e9cnicos..<\/p>\n<p>A miss\u00e3o da Standard Brazil Marine Surveys &amp; Services Ltda. \u00e9 prestar assist\u00eancia confi\u00e1vel e de qualidade em vistorias e servi\u00e7os.<\/p>\n<p>O compromisso desde o momento da contrata\u00e7\u00e3o de uma vistoria e\/ou servi\u00e7o, cada passo \u00e9 dado para a satisfa\u00e7\u00e3o das necessidades dos seus clientes e excel\u00eancia de resultados sendo os interesses do cliente tratados com o devido respeito por pessoal dedicado, honesto e confi\u00e1vel.<\/p>\n<p>A vis\u00e3o da nossa empresa \u00e9 ser pequena o suficiente para continuar carregando um nome respeit\u00e1vel e s\u00f3lido, prestando servi\u00e7os e inspe\u00e7\u00f5es sob medida para aqueles cujo prest\u00edgio e dec\u00eancia nos orgulham de transformar nossos atendimentos em um trabalho prazeroso.<\/p>\n<p>N\u00e3o raro, ap\u00f3s alguns anos de atendimento, os clientes passam a nos ver como parceiros e amigos em busca de proteger seus interesses, solicitando informa\u00e7\u00f5es e pesquisas para prospectar novas atividades e\/ou desenvolver seus neg\u00f3cios localmente.<\/p>\n<p>Nesta linha espec\u00edfica de atua\u00e7\u00e3o, a empresa encontrou oportunidade em locais n\u00e3o prospectados, negociou novos acordos operacionais que deram origem a alguns empreendimentos de destaque.<\/p>\n<p>[\/et_pb_text][\/et_pb_column][\/et_pb_row][\/et_pb_section][et_pb_section fb_built=&#8221;1&#8243; admin_label=&#8221;Feature Section&#8221; _builder_version=&#8221;3.21&#8243; use_background_color_gradient=&#8221;on&#8221; background_color_gradient_start=&#8221;rgba(0,0,0,0.7)&#8221; background_color_gradient_end=&#8221;rgba(0,0,0,0)&#8221; background_color_gradient_overlays_image=&#8221;on&#8221; background_image=&#8221;https:\/\/standardbrazil.com.br\/wp-content\/uploads\/2019\/02\/megan-menegay-109366-unsplash_web.jpg&#8221; custom_padding=&#8221;0px||0px|&#8221;][et_pb_row make_fullwidth=&#8221;on&#8221; use_custom_gutter=&#8221;on&#8221; gutter_width=&#8221;1&#8243; custom_padding=&#8221;110px|5%|200px|5%&#8221; make_equal=&#8221;on&#8221; bg_img_2=&#8221;http:\/\/standardbrazil.institucional.ws\/site\/wp-content\/uploads\/2019\/01\/feature_03_img.jpg&#8221; padding_top_2=&#8221;110px&#8221; padding_bottom_2=&#8221;500px&#8221; padding_left_2=&#8221;5%&#8221; admin_label=&#8221;Feature 1&#8243; _builder_version=&#8221;3.19.4&#8243;][et_pb_column type=&#8221;4_4&#8243; _builder_version=&#8221;3.0.47&#8243;][et_pb_text admin_label=&#8221;Title&#8221; _builder_version=&#8221;3.19.4&#8243; text_font=&#8221;||||||||&#8221; text_font_size=&#8221;15px&#8221; text_line_height=&#8221;1.8em&#8221; header_font=&#8221;||||||||&#8221; header_2_font=&#8221;Nunito||||||||&#8221; header_2_font_size=&#8221;36px&#8221; header_2_line_height=&#8221;1.4em&#8221; background_layout=&#8221;dark&#8221; max_width=&#8221;600px&#8221; module_alignment=&#8221;right&#8221; custom_margin=&#8221;|||&#8221; custom_padding=&#8221;|||&#8221; animation_style=&#8221;fold&#8221; animation_direction=&#8221;bottom&#8221; animation_intensity_fold=&#8221;20%&#8221; animation_starting_opacity=&#8221;100%&#8221;]<\/p>\n","protected":false},"excerpt":{"rendered":"<p>Desde 1991 Standard Brazil &#8211; Marine Survey &amp; Services \u200b\u200bA Standard Brazil oferece um amplo escopo de vistorias e inspe\u00e7\u00f5es nas \u00e1reas naval e de cont\u00eaineres. Desde a sua funda\u00e7\u00e3o, a empresa vem atendendo quase todos os clubes de prote\u00e7\u00e3o e Indeniza\u00e7\u00e3o, diversos armadores, afretadores, importadores, operadores, exportadores, traders, terminais e empresas controladoras de carga [&hellip;]<\/p>\n","protected":false},"author":2,"featured_media":0,"parent":0,"menu_order":0,"comment_status":"closed","ping_status":"closed","template":"","meta":{"_et_pb_use_builder":"on","_et_pb_old_content":"","_et_gb_content_width":"","footnotes":""},"class_list":["post-466","page","type-page","status-publish","hentry"],"_links":{"self":[{"href":"https:\/\/standardbrazil.com.br\/index.php?rest_route=\/wp\/v2\/pages\/466","targetHints":{"allow":["GET"]}}],"collection":[{"href":"https:\/\/standardbrazil.com.br\/index.php?rest_route=\/wp\/v2\/pages"}],"about":[{"href":"https:\/\/standardbrazil.com.br\/index.php?rest_route=\/wp\/v2\/types\/page"}],"author":[{"embeddable":true,"href":"https:\/\/standardbrazil.com.br\/index.php?rest_route=\/wp\/v2\/users\/2"}],"replies":[{"embeddable":true,"href":"https:\/\/standardbrazil.com.br\/index.php?rest_route=%2Fwp%2Fv2%2Fcomments&post=466"}],"version-history":[{"count":4,"href":"https:\/\/standardbrazil.com.br\/index.php?rest_route=\/wp\/v2\/pages\/466\/revisions"}],"predecessor-version":[{"id":489,"href":"https:\/\/standardbrazil.com.br\/index.php?rest_route=\/wp\/v2\/pages\/466\/revisions\/489"}],"wp:attachment":[{"href":"https:\/\/standardbrazil.com.br\/index.php?rest_route=%2Fwp%2Fv2%2Fmedia&parent=466"}],"curies":[{"name":"wp","href":"https:\/\/api.w.org\/{rel}","templated":true}]}}