{"id":470,"date":"2022-02-22T07:46:22","date_gmt":"2022-02-22T10:46:22","guid":{"rendered":"http:\/\/standardbrazil.com.br\/?page_id=470"},"modified":"2022-02-22T10:03:57","modified_gmt":"2022-02-22T13:03:57","slug":"servicos","status":"publish","type":"page","link":"https:\/\/standardbrazil.com.br\/?page_id=470&lang=pt","title":{"rendered":"Servi\u00e7os"},"content":{"rendered":"<p>[et_pb_section fb_built=&#8221;1&#8243; admin_label=&#8221;Feature Section&#8221; _builder_version=&#8221;3.22&#8243; use_background_color_gradient=&#8221;on&#8221; background_color_gradient_start=&#8221;rgba(0,0,0,0.7)&#8221; background_color_gradient_end=&#8221;rgba(0,0,0,0)&#8221; background_color_gradient_overlays_image=&#8221;on&#8221; background_image=&#8221;https:\/\/standardbrazil.com.br\/wp-content\/uploads\/2019\/02\/photo-1524522173746-f628baad3644.jpg&#8221; custom_padding=&#8221;0px||0px|&#8221; animation_style=&#8221;fade&#8221; locked=&#8221;off&#8221;][et_pb_row use_custom_gutter=&#8221;on&#8221; gutter_width=&#8221;1&#8243; make_equal=&#8221;on&#8221; admin_label=&#8221;Feature 1&#8243; module_class=&#8221; et_pb_row_fullwidth&#8221; _builder_version=&#8221;3.25&#8243; width=&#8221;100%&#8221; width_tablet=&#8221;100%&#8221; width_last_edited=&#8221;on|desktop&#8221; max_width=&#8221;100%&#8221; max_width_tablet=&#8221;100%&#8221; max_width_last_edited=&#8221;on|desktop&#8221; custom_padding=&#8221;94px||203px||false|false&#8221; make_fullwidth=&#8221;on&#8221;][et_pb_column type=&#8221;4_4&#8243; _builder_version=&#8221;3.25&#8243; custom_padding=&#8221;|||&#8221; custom_padding__hover=&#8221;|||&#8221;][et_pb_text _builder_version=&#8221;3.27.4&#8243; text_font=&#8221;||||||||&#8221; text_text_color=&#8221;#ffffff&#8221; header_font=&#8221;||||||||&#8221; header_text_color=&#8221;#ffffff&#8221; max_width=&#8221;80%&#8221; module_alignment=&#8221;right&#8221; custom_padding=&#8221;|5%||&#8221;]<\/p>\n<h1 style=\"text-align: right;\">Vistorias \/ Inspe\u00e7\u00f5es e Servi\u00e7os<\/h1>\n<p style=\"text-align: right;\"><strong>Presta assist\u00eancia confi\u00e1vel e de qualidade em vistorias e servi\u00e7os<\/strong><\/p>\n<p style=\"text-align: right;\">Ao longo dos \u00faltimos 30 anos, a empresa tem o privil\u00e9gio e a satisfa\u00e7\u00e3o de nunca ter perdido um cliente devido \u00e0 qualidade inferior nos servi\u00e7os prestados<\/p>\n<p>[\/et_pb_text][\/et_pb_column][\/et_pb_row][\/et_pb_section][et_pb_section fb_built=&#8221;1&#8243; _builder_version=&#8221;3.22&#8243;][et_pb_row _builder_version=&#8221;3.25&#8243; column_structure=&#8221;1_2,1_2&#8243;][et_pb_column type=&#8221;1_2&#8243; _builder_version=&#8221;3.25&#8243; custom_padding=&#8221;|||&#8221; custom_padding__hover=&#8221;|||&#8221;][et_pb_text _builder_version=&#8221;3.27.4&#8243;]<\/p>\n<h1>\u00c1<span style=\"font-family: Verdana, Arial, Helvetica, sans-serif;\">rea Naval<\/span><\/h1>\n<ul>\n<li>investiga\u00e7\u00f5es t\u00e9cnicas<\/li>\n<li>presta\u00e7\u00e3o de servi\u00e7os como &#8220;port captain&#8221; \/ &#8220;supercargo&#8221;<\/li>\n<li>inspe\u00e7\u00f5es\/ vistorias de condi\u00e7\u00e3o em navios e cargas<\/li>\n<li>quantifica\u00e7\u00e3o de \u00f3leo combust\u00edvel<\/li>\n<li>inspe\u00e7\u00f5es de entrega e de reentrega de navios<\/li>\n<li>arquea\u00e7\u00f5es de cargas<\/li>\n<li>medi\u00e7\u00e3o de carga l\u00edquida<\/li>\n<li>c\u00e1lculos de espa\u00e7o morto<\/li>\n<li>c\u00e1lculos de deslocamento<\/li>\n<li>vistorias para determinar a condi\u00e7\u00e3o na pr\u00e9-compra de navios<\/li>\n<li>vistoria de adequa\u00e7\u00e3o de embarca\u00e7\u00e3o<\/li>\n<li>inspe\u00e7\u00e3o de limpeza dos por\u00f5es<\/li>\n<li>lacra\u00e7\u00e3o das escotilhas dos por\u00f5es de carga<\/li>\n<li>vistorias de acompanhamento do embarque de cargas<\/li>\n<li>pr\u00e9-inspe\u00e7\u00e3o de cargas<\/li>\n<li>levantamentos de avarias (cargas e navios)<\/li>\n<li>c\u00e1lculos de estabilidade<\/li>\n<li>supervis\u00e3o de carregamento, descarga e pea\u00e7\u00e3o<\/li>\n<li>medi\u00e7\u00e3o de cargas<\/li>\n<li>inspe\u00e7\u00f5es de ve\u00edculos<\/li>\n<li>servi\u00e7os de confer\u00eancia de mercadorias<\/li>\n<li>movimenta\u00e7\u00e3o de cargas pesadas<\/li>\n<li>amostragem, controle, testes em gran\u00e9is s\u00f3lidos e l\u00edquidos<\/li>\n<li>consultoria e apoio em gest\u00e3o de emerg\u00eancias ambientais (polui\u00e7\u00e3o)<\/li>\n<li>treinamento na ferramenta de incident command system (ICS)<\/li>\n<li>elabora\u00e7\u00e3o de planos de emerg\u00eancias individuais de acordo com a CONAMA 398<\/li>\n<li>realiza\u00e7\u00e3o de exerc\u00edcios e treinamentos de resposta e combate e polui\u00e7\u00e3o<\/li>\n<li>realiza\u00e7\u00e3o de palestras sobre a legisla\u00e7\u00e3o ambiental brasileira<\/li>\n<li>outras inspe\u00e7\u00f5es e vistorias de acordo com suas necessidades<\/li>\n<\/ul>\n<p>[\/et_pb_text][\/et_pb_column][et_pb_column type=&#8221;1_2&#8243; _builder_version=&#8221;3.25&#8243; custom_padding=&#8221;|||&#8221; custom_padding__hover=&#8221;|||&#8221;][et_pb_text _builder_version=&#8221;3.27.4&#8243;]<\/p>\n<h1>\u00c1rea de Cont\u00eaineres<\/h1>\n<ul>\n<li>vistorias de afretamento e de entrega de cont\u00eaineres<\/li>\n<li>vistoria em servi\u00e7o<\/li>\n<li>vistorias de pr\u00e9 e p\u00f3s reparo<\/li>\n<li>lacra\u00e7\u00e3o de cont\u00eaineres<\/li>\n<li>checagem\/ confer\u00eancia de lacres<\/li>\n<li>acompanhamento de estufagem<\/li>\n<li>acompanhamento de desova<\/li>\n<li>levantamentos de danos<\/li>\n<li>outros de acordo com suas necessidades<\/li>\n<\/ul>\n<p>[\/et_pb_text][\/et_pb_column][\/et_pb_row][\/et_pb_section]<\/p>\n","protected":false},"excerpt":{"rendered":"<p>Vistorias \/ Inspe\u00e7\u00f5es e Servi\u00e7os Presta assist\u00eancia confi\u00e1vel e de qualidade em vistorias e servi\u00e7os Ao longo dos \u00faltimos 30 anos, a empresa tem o privil\u00e9gio e a satisfa\u00e7\u00e3o de nunca ter perdido um cliente devido \u00e0 qualidade inferior nos servi\u00e7os prestados \u00c1rea Naval investiga\u00e7\u00f5es t\u00e9cnicas presta\u00e7\u00e3o de servi\u00e7os como &#8220;port captain&#8221; \/ &#8220;supercargo&#8221; inspe\u00e7\u00f5es\/ [&hellip;]<\/p>\n","protected":false},"author":2,"featured_media":0,"parent":0,"menu_order":0,"comment_status":"closed","ping_status":"closed","template":"","meta":{"_et_pb_use_builder":"on","_et_pb_old_content":"","_et_gb_content_width":"","footnotes":""},"class_list":["post-470","page","type-page","status-publish","hentry"],"_links":{"self":[{"href":"https:\/\/standardbrazil.com.br\/index.php?rest_route=\/wp\/v2\/pages\/470","targetHints":{"allow":["GET"]}}],"collection":[{"href":"https:\/\/standardbrazil.com.br\/index.php?rest_route=\/wp\/v2\/pages"}],"about":[{"href":"https:\/\/standardbrazil.com.br\/index.php?rest_route=\/wp\/v2\/types\/page"}],"author":[{"embeddable":true,"href":"https:\/\/standardbrazil.com.br\/index.php?rest_route=\/wp\/v2\/users\/2"}],"replies":[{"embeddable":true,"href":"https:\/\/standardbrazil.com.br\/index.php?rest_route=%2Fwp%2Fv2%2Fcomments&post=470"}],"version-history":[{"count":6,"href":"https:\/\/standardbrazil.com.br\/index.php?rest_route=\/wp\/v2\/pages\/470\/revisions"}],"predecessor-version":[{"id":491,"href":"https:\/\/standardbrazil.com.br\/index.php?rest_route=\/wp\/v2\/pages\/470\/revisions\/491"}],"wp:attachment":[{"href":"https:\/\/standardbrazil.com.br\/index.php?rest_route=%2Fwp%2Fv2%2Fmedia&parent=470"}],"curies":[{"name":"wp","href":"https:\/\/api.w.org\/{rel}","templated":true}]}}