{"id":482,"date":"2022-02-22T07:55:29","date_gmt":"2022-02-22T10:55:29","guid":{"rendered":"http:\/\/standardbrazil.com.br\/?page_id=482"},"modified":"2022-02-22T07:59:57","modified_gmt":"2022-02-22T10:59:57","slug":"contatos","status":"publish","type":"page","link":"https:\/\/standardbrazil.com.br\/?page_id=482&lang=pt","title":{"rendered":"Contatos"},"content":{"rendered":"<p>[et_pb_section fb_built=&#8221;1&#8243; custom_padding_last_edited=&#8221;off|desktop&#8221; admin_label=&#8221;Feature Section&#8221; _builder_version=&#8221;3.22&#8243; background_color=&#8221;#0048f0&#8243; module_alignment=&#8221;center&#8221; custom_margin=&#8221;0px||&#8221; custom_padding=&#8221;54px||0||false|false&#8221; top_divider_height=&#8221;16.2%&#8221; collapsed=&#8221;on&#8221; custom_padding__hover_enabled=&#8221;on&#8221;][et_pb_row column_structure=&#8221;1_3,2_3&#8243; _builder_version=&#8221;3.25&#8243;][et_pb_column type=&#8221;1_3&#8243; _builder_version=&#8221;3.25&#8243; custom_padding=&#8221;|||&#8221; custom_padding__hover=&#8221;|||&#8221;][et_pb_code _builder_version=&#8221;4.9.4&#8243; transform_scale=&#8221;120%|100%&#8221; text_orientation=&#8221;right&#8221; custom_margin=&#8221;5px|5px|5px|5px&#8221; custom_padding=&#8221;1px|1px|1px|1px&#8221;]<iframe loading=\"lazy\" style=\"border: 0;\" src=\"https:\/\/www.google.com\/maps\/embed?pb=!1m18!1m12!1m3!1d3600.5588636152233!2d-48.513062084983964!3d-25.51975478374713!2m3!1f0!2f0!3f0!3m2!1i1024!2i768!4f13.1!3m3!1m2!1s0x94db9a5c8f294a57%3A0x6104e0b18157ca72!2sR.%20Jos%C3%A9%20Gomes%2C%20235%20-%20Jo%C3%A3o%20Gualberto%2C%20Paranagu%C3%A1%20-%20PR%2C%2083203-610!5e0!3m2!1sen!2sbr!4v1645518123761!5m2!1sen!2sbr\" width=\"600\" height=\"450\" allowfullscreen=\"allowfullscreen\" data-mce-fragment=\"1\"><\/iframe>[\/et_pb_code][\/et_pb_column][et_pb_column type=&#8221;2_3&#8243; _builder_version=&#8221;3.25&#8243; custom_padding=&#8221;|||&#8221; custom_padding__hover=&#8221;|||&#8221;][et_pb_text _builder_version=&#8221;3.27.4&#8243; width=&#8221;100%&#8221; custom_margin=&#8221;|||||&#8221; custom_padding=&#8221;|||||&#8221;]<\/p>\n<p style=\"text-align: right;\">\n<p style=\"text-align: right;\">\n<p style=\"text-align: right;\">\n<p style=\"text-align: right;\"><span style=\"color: #ffffff; font-size: 22px;\">Endere\u00e7o: Rua jos\u00e9 Gomes, 235<\/span><\/p>\n<h3 style=\"text-align: right;\"><span style=\"color: #ffffff;\">Paranagu\u00e1-PR &#8211;\u00a0Brazil<\/span><\/h3>\n<h3 style=\"text-align: right;\"><span style=\"color: #ffffff;\">Cep: 83203-610<\/span><\/h3>\n<h3 style=\"text-align: right;\"><span style=\"color: #ffffff;\">Fones: +55(41) 3422-8239<br \/>+55(41) 3422-8390<\/span><\/h3>\n<h3 style=\"text-align: right;\"><span style=\"color: #ffffff;\">+55 (41) 99978-3748<br \/>+55 (41) 99196-3748<\/span><\/h3>\n<p>[\/et_pb_text][\/et_pb_column][\/et_pb_row][\/et_pb_section]<\/p>\n","protected":false},"excerpt":{"rendered":"<p>Endere\u00e7o: Rua jos\u00e9 Gomes, 235 Paranagu\u00e1-PR &#8211;\u00a0Brazil Cep: 83203-610 Fones: +55(41) 3422-8239+55(41) 3422-8390 +55 (41) 99978-3748+55 (41) 99196-3748<\/p>\n","protected":false},"author":2,"featured_media":0,"parent":0,"menu_order":0,"comment_status":"closed","ping_status":"closed","template":"","meta":{"_et_pb_use_builder":"on","_et_pb_old_content":"","_et_gb_content_width":"","footnotes":""},"class_list":["post-482","page","type-page","status-publish","hentry"],"_links":{"self":[{"href":"https:\/\/standardbrazil.com.br\/index.php?rest_route=\/wp\/v2\/pages\/482","targetHints":{"allow":["GET"]}}],"collection":[{"href":"https:\/\/standardbrazil.com.br\/index.php?rest_route=\/wp\/v2\/pages"}],"about":[{"href":"https:\/\/standardbrazil.com.br\/index.php?rest_route=\/wp\/v2\/types\/page"}],"author":[{"embeddable":true,"href":"https:\/\/standardbrazil.com.br\/index.php?rest_route=\/wp\/v2\/users\/2"}],"replies":[{"embeddable":true,"href":"https:\/\/standardbrazil.com.br\/index.php?rest_route=%2Fwp%2Fv2%2Fcomments&post=482"}],"version-history":[{"count":4,"href":"https:\/\/standardbrazil.com.br\/index.php?rest_route=\/wp\/v2\/pages\/482\/revisions"}],"predecessor-version":[{"id":487,"href":"https:\/\/standardbrazil.com.br\/index.php?rest_route=\/wp\/v2\/pages\/482\/revisions\/487"}],"wp:attachment":[{"href":"https:\/\/standardbrazil.com.br\/index.php?rest_route=%2Fwp%2Fv2%2Fmedia&parent=482"}],"curies":[{"name":"wp","href":"https:\/\/api.w.org\/{rel}","templated":true}]}}